{"id":8,"date":"2018-11-27T09:17:56","date_gmt":"2018-11-27T09:17:56","guid":{"rendered":"http:\/\/alera.lt\/index.php\/contact\/"},"modified":"2024-05-17T05:20:53","modified_gmt":"2024-05-17T05:20:53","slug":"kontaktai","status":"publish","type":"page","link":"https:\/\/alera.lt\/index.php\/kontaktai\/","title":{"rendered":"Kontaktai"},"content":{"rendered":"<h1>Kontaktai<\/h1>\n<h2>Informacija<\/h2>\n<ul>\n<li>\n\t\t\t\t\t\t\t\t\t\tUAB Alera\n\t\t\t\t\t\t\t\t\t<\/li>\n<li>\n\t\t\t\t\t\t\t\t\t\t\u012e.k. 300099252\n\t\t\t\t\t\t\t\t\t<\/li>\n<li>\n\t\t\t\t\t\t\t\t\t\tPVM k. LT100004034615\n\t\t\t\t\t\t\t\t\t<\/li>\n<li>\n\t\t\t\t\t\t\t\t\t\tGele\u017einio vilko g. 11-73, LT-49273, Kaunas\n\t\t\t\t\t\t\t\t\t<\/li>\n<li>\n\t\t\t\t\t\t\t\t\t\tinfo@alera.lt\n\t\t\t\t\t\t\t\t\t<\/li>\n<li>\n\t\t\t\t\t\t\t\t\t\t+37061603757\n\t\t\t\t\t\t\t\t\t<\/li>\n<li>\n\t\t\t\t\t\t\t\t\t\tBank \u201cCitadele\u201d LT037290000014467325\n\t\t\t\t\t\t\t\t\t<\/li>\n<\/ul>\n<h6>\n\t\t\t\t\t\tSand\u0117lio adresas:<br \/>\n\t\t\t\t<\/h6>\n<p>\n\t\t\t\t\t\tVilniaus g. 35, LT-54448, Karm\u0117lava\n\t\t\t\t\t<\/p>\n","protected":false},"excerpt":{"rendered":"<p>Kontaktai Informacija UAB Alera \u012e.k. 300099252 PVM k. LT100004034615 Gele\u017einio vilko g. 11-73, LT-49273, Kaunas info@alera.lt +37061603757 Bank \u201cCitadele\u201d LT037290000014467325 Sand\u0117lio adresas: Vilniaus g. 35, LT-54448, Karm\u0117lava<\/p>\n","protected":false},"author":1,"featured_media":0,"parent":0,"menu_order":0,"comment_status":"closed","ping_status":"closed","template":"","meta":{"_uag_custom_page_level_css":"","footnotes":""},"class_list":["post-8","page","type-page","status-publish","hentry"],"yoast_head":"<!-- This site is optimized with the Yoast SEO plugin v27.5 - https:\/\/yoast.com\/product\/yoast-seo-wordpress\/ -->\n<title>Kontaktai - UAB Alera<\/title>\n<meta name=\"description\" content=\"Susisiekite su mumis ir mes Jums pasi\u016blysime kokybi\u0161kiausius darb\u0173 atlikimo variantus u\u017e palankiausias kainas!\" \/>\n<meta name=\"robots\" content=\"index, follow, max-snippet:-1, max-image-preview:large, max-video-preview:-1\" \/>\n<link rel=\"canonical\" href=\"https:\/\/alera.lt\/index.php\/kontaktai\/\" \/>\n<meta property=\"og:locale\" content=\"lt_LT\" \/>\n<meta property=\"og:type\" content=\"article\" \/>\n<meta property=\"og:title\" content=\"Kontaktai - UAB Alera\" \/>\n<meta property=\"og:description\" content=\"Susisiekite su mumis ir mes Jums pasi\u016blysime kokybi\u0161kiausius darb\u0173 atlikimo variantus u\u017e palankiausias kainas!\" \/>\n<meta property=\"og:url\" content=\"https:\/\/alera.lt\/index.php\/kontaktai\/\" \/>\n<meta property=\"og:site_name\" content=\"UAB Alera\" \/>\n<meta property=\"article:modified_time\" content=\"2024-05-17T05:20:53+00:00\" \/>\n<meta name=\"twitter:card\" content=\"summary_large_image\" \/>\n<meta name=\"twitter:label1\" content=\"Est. reading time\" \/>\n\t<meta name=\"twitter:data1\" content=\"1 minut\u0117\" \/>\n<script type=\"application\/ld+json\" class=\"yoast-schema-graph\">{\"@context\":\"https:\\\/\\\/schema.org\",\"@graph\":[{\"@type\":\"WebPage\",\"@id\":\"https:\\\/\\\/alera.lt\\\/index.php\\\/kontaktai\\\/\",\"url\":\"https:\\\/\\\/alera.lt\\\/index.php\\\/kontaktai\\\/\",\"name\":\"Kontaktai - UAB Alera\",\"isPartOf\":{\"@id\":\"https:\\\/\\\/alera.lt\\\/#website\"},\"datePublished\":\"2018-11-27T09:17:56+00:00\",\"dateModified\":\"2024-05-17T05:20:53+00:00\",\"description\":\"Susisiekite su mumis ir mes Jums pasi\u016blysime kokybi\u0161kiausius darb\u0173 atlikimo variantus u\u017e palankiausias kainas!\",\"breadcrumb\":{\"@id\":\"https:\\\/\\\/alera.lt\\\/index.php\\\/kontaktai\\\/#breadcrumb\"},\"inLanguage\":\"lt-LT\",\"potentialAction\":[{\"@type\":\"ReadAction\",\"target\":[\"https:\\\/\\\/alera.lt\\\/index.php\\\/kontaktai\\\/\"]}]},{\"@type\":\"BreadcrumbList\",\"@id\":\"https:\\\/\\\/alera.lt\\\/index.php\\\/kontaktai\\\/#breadcrumb\",\"itemListElement\":[{\"@type\":\"ListItem\",\"position\":1,\"name\":\"Home\",\"item\":\"https:\\\/\\\/alera.lt\\\/\"},{\"@type\":\"ListItem\",\"position\":2,\"name\":\"Kontaktai\"}]},{\"@type\":\"WebSite\",\"@id\":\"https:\\\/\\\/alera.lt\\\/#website\",\"url\":\"https:\\\/\\\/alera.lt\\\/\",\"name\":\"UAB Alera\",\"description\":\"Geriausi \u0161ildymo, v\u0117dinimo specialistai\",\"publisher\":{\"@id\":\"https:\\\/\\\/alera.lt\\\/#organization\"},\"potentialAction\":[{\"@type\":\"SearchAction\",\"target\":{\"@type\":\"EntryPoint\",\"urlTemplate\":\"https:\\\/\\\/alera.lt\\\/?s={search_term_string}\"},\"query-input\":{\"@type\":\"PropertyValueSpecification\",\"valueRequired\":true,\"valueName\":\"search_term_string\"}}],\"inLanguage\":\"lt-LT\"},{\"@type\":\"Organization\",\"@id\":\"https:\\\/\\\/alera.lt\\\/#organization\",\"name\":\"UAB Alera\",\"url\":\"https:\\\/\\\/alera.lt\\\/\",\"logo\":{\"@type\":\"ImageObject\",\"inLanguage\":\"lt-LT\",\"@id\":\"https:\\\/\\\/alera.lt\\\/#\\\/schema\\\/logo\\\/image\\\/\",\"url\":\"http:\\\/\\\/alera.lt\\\/wp-content\\\/uploads\\\/2020\\\/10\\\/alera12.png\",\"contentUrl\":\"http:\\\/\\\/alera.lt\\\/wp-content\\\/uploads\\\/2020\\\/10\\\/alera12.png\",\"width\":724,\"height\":300,\"caption\":\"UAB Alera\"},\"image\":{\"@id\":\"https:\\\/\\\/alera.lt\\\/#\\\/schema\\\/logo\\\/image\\\/\"}}]}<\/script>\n<!-- \/ Yoast SEO plugin. -->","yoast_head_json":{"title":"Kontaktai - UAB Alera","description":"Susisiekite su mumis ir mes Jums pasi\u016blysime kokybi\u0161kiausius darb\u0173 atlikimo variantus u\u017e palankiausias kainas!","robots":{"index":"index","follow":"follow","max-snippet":"max-snippet:-1","max-image-preview":"max-image-preview:large","max-video-preview":"max-video-preview:-1"},"canonical":"https:\/\/alera.lt\/index.php\/kontaktai\/","og_locale":"lt_LT","og_type":"article","og_title":"Kontaktai - UAB Alera","og_description":"Susisiekite su mumis ir mes Jums pasi\u016blysime kokybi\u0161kiausius darb\u0173 atlikimo variantus u\u017e palankiausias kainas!","og_url":"https:\/\/alera.lt\/index.php\/kontaktai\/","og_site_name":"UAB Alera","article_modified_time":"2024-05-17T05:20:53+00:00","twitter_card":"summary_large_image","twitter_misc":{"Est. reading time":"1 minut\u0117"},"schema":{"@context":"https:\/\/schema.org","@graph":[{"@type":"WebPage","@id":"https:\/\/alera.lt\/index.php\/kontaktai\/","url":"https:\/\/alera.lt\/index.php\/kontaktai\/","name":"Kontaktai - UAB Alera","isPartOf":{"@id":"https:\/\/alera.lt\/#website"},"datePublished":"2018-11-27T09:17:56+00:00","dateModified":"2024-05-17T05:20:53+00:00","description":"Susisiekite su mumis ir mes Jums pasi\u016blysime kokybi\u0161kiausius darb\u0173 atlikimo variantus u\u017e palankiausias kainas!","breadcrumb":{"@id":"https:\/\/alera.lt\/index.php\/kontaktai\/#breadcrumb"},"inLanguage":"lt-LT","potentialAction":[{"@type":"ReadAction","target":["https:\/\/alera.lt\/index.php\/kontaktai\/"]}]},{"@type":"BreadcrumbList","@id":"https:\/\/alera.lt\/index.php\/kontaktai\/#breadcrumb","itemListElement":[{"@type":"ListItem","position":1,"name":"Home","item":"https:\/\/alera.lt\/"},{"@type":"ListItem","position":2,"name":"Kontaktai"}]},{"@type":"WebSite","@id":"https:\/\/alera.lt\/#website","url":"https:\/\/alera.lt\/","name":"UAB Alera","description":"Geriausi \u0161ildymo, v\u0117dinimo specialistai","publisher":{"@id":"https:\/\/alera.lt\/#organization"},"potentialAction":[{"@type":"SearchAction","target":{"@type":"EntryPoint","urlTemplate":"https:\/\/alera.lt\/?s={search_term_string}"},"query-input":{"@type":"PropertyValueSpecification","valueRequired":true,"valueName":"search_term_string"}}],"inLanguage":"lt-LT"},{"@type":"Organization","@id":"https:\/\/alera.lt\/#organization","name":"UAB Alera","url":"https:\/\/alera.lt\/","logo":{"@type":"ImageObject","inLanguage":"lt-LT","@id":"https:\/\/alera.lt\/#\/schema\/logo\/image\/","url":"http:\/\/alera.lt\/wp-content\/uploads\/2020\/10\/alera12.png","contentUrl":"http:\/\/alera.lt\/wp-content\/uploads\/2020\/10\/alera12.png","width":724,"height":300,"caption":"UAB Alera"},"image":{"@id":"https:\/\/alera.lt\/#\/schema\/logo\/image\/"}}]}},"uagb_featured_image_src":{"full":false,"thumbnail":false,"medium":false,"medium_large":false,"large":false,"1536x1536":false,"2048x2048":false,"twentyseventeen-featured-image":false,"twentyseventeen-thumbnail-avatar":false},"uagb_author_info":{"display_name":"dainiusjurate","author_link":"https:\/\/alera.lt\/index.php\/author\/dainiusjurate\/"},"uagb_comment_info":0,"uagb_excerpt":"Kontaktai Informacija UAB Alera \u012e.k. 300099252 PVM k. LT100004034615 Gele\u017einio vilko g. 11-73, LT-49273, Kaunas info@alera.lt +37061603757 Bank \u201cCitadele\u201d LT037290000014467325 Sand\u0117lio adresas: Vilniaus g. 35, LT-54448, Karm\u0117lava","_links":{"self":[{"href":"https:\/\/alera.lt\/index.php\/wp-json\/wp\/v2\/pages\/8","targetHints":{"allow":["GET"]}}],"collection":[{"href":"https:\/\/alera.lt\/index.php\/wp-json\/wp\/v2\/pages"}],"about":[{"href":"https:\/\/alera.lt\/index.php\/wp-json\/wp\/v2\/types\/page"}],"author":[{"embeddable":true,"href":"https:\/\/alera.lt\/index.php\/wp-json\/wp\/v2\/users\/1"}],"replies":[{"embeddable":true,"href":"https:\/\/alera.lt\/index.php\/wp-json\/wp\/v2\/comments?post=8"}],"version-history":[{"count":17,"href":"https:\/\/alera.lt\/index.php\/wp-json\/wp\/v2\/pages\/8\/revisions"}],"predecessor-version":[{"id":1990,"href":"https:\/\/alera.lt\/index.php\/wp-json\/wp\/v2\/pages\/8\/revisions\/1990"}],"wp:attachment":[{"href":"https:\/\/alera.lt\/index.php\/wp-json\/wp\/v2\/media?parent=8"}],"curies":[{"name":"wp","href":"https:\/\/api.w.org\/{rel}","templated":true}]}}