{"id":5,"date":"2018-11-27T09:17:08","date_gmt":"2018-11-27T09:17:08","guid":{"rendered":"http:\/\/alera.lt\/index.php\/about\/"},"modified":"2024-02-05T07:54:28","modified_gmt":"2024-02-05T07:54:28","slug":"apie-mus","status":"publish","type":"page","link":"https:\/\/alera.lt\/index.php\/apie-mus\/","title":{"rendered":"Apie mus"},"content":{"rendered":"<p><img loading=\"lazy\" decoding=\"async\" src=\"http:\/\/alera.lt\/wp-content\/uploads\/2024\/01\/Alepos-puslapiui-300x101.jpg\" alt=\"\" width=\"1200\" height=\"404\" \/><\/p>\n<h2>Apie mus<\/h2>\n<p>UAB\u00a0\u201eALERA\u201c \u012fregistruota 2005 metais. \u012emon\u0117 koncentruojasi \u012f vis\u0173 \u0161ildymo, \u0161aldymo bei v\u0117dinimo sistem\u0173 pardavim\u0105 ir montavim\u0105, prie\u017ei\u016br\u0105, remont\u0105. M\u016bs\u0173 kolektyve dirba motyvuoti, energingi, gerai i\u0161manantys savo darb\u0105, nuolat tobul\u0117jantys specialistai.<\/p>\n<p>Mes stengiam\u0117s puikiai atlikti savo darb\u0105 ir patenkinti visus savo klient\u0173 l\u016bkes\u010dius.<\/p>\n<p>Tik myl\u0117dami tai k\u0105 darome, sugeb\u0117jome tapti tokiais s\u0117kmingais.<\/p>\n<h4>Darbuotojai:<\/h4>\n<p>M\u016bs\u0173 kompanijoje dirba draugi\u0161ki ir profesional\u016bs savo srities ekspertai.<\/p>\n<p>Savo produktus pateikiame ir darbus atliekame efektyviai pagal auk\u0161\u010diausius standartus bei naudojame geriausias technologijas.<\/p>\n<h4>\u00a0<\/h4>\n<p>M\u016bs\u0173 internetin\u0117s parduotuv\u0117s:<a href=\"http:\/\/www.sildomosgrindys.lt\"><br \/><img loading=\"lazy\" decoding=\"async\" src=\"http:\/\/alera.lt\/wp-content\/uploads\/2020\/10\/sildomosgrindyslt-logo-1530212757.png\" sizes=\"auto, (max-width: 407px) 100vw, 407px\" srcset=\"http:\/\/alera.lt\/wp-content\/uploads\/2020\/10\/sildomosgrindyslt-logo-1530212757.png 407w, http:\/\/alera.lt\/wp-content\/uploads\/2020\/10\/sildomosgrindyslt-logo-1530212757-300x74.png 300w\" alt=\"\" width=\"407\" height=\"100\" \/> <\/a><br \/><a href=\"http:\/\/www.visasantechnika.lt\"><br \/><img loading=\"lazy\" decoding=\"async\" src=\"http:\/\/alera.lt\/wp-content\/uploads\/2020\/10\/my-shop-logo-1586328259.jpg\" sizes=\"auto, (max-width: 500px) 100vw, 500px\" srcset=\"http:\/\/alera.lt\/wp-content\/uploads\/2020\/10\/my-shop-logo-1586328259.jpg 500w, http:\/\/alera.lt\/wp-content\/uploads\/2020\/10\/my-shop-logo-1586328259-300x49.jpg 300w\" alt=\"\" width=\"500\" height=\"82\" \/> <\/a><\/p>\n<p>Turite klausim\u0173? Reikia konsultacijos? Susisiekite tel. +37061603757 arba el. pa\u0161tu info@alera.lt ir mes jums patarsime, pad\u0117sime bei pasi\u016blysime darb\u0173 atlikim\u0105 u\u017e konkurencingas kainas!<\/p>\n<p>Nor\u0117dami susisiekti su mumis, u\u017epildykite atsakomojo skambu\u010dio form\u0105. Mes pa\u017eadame atsakyti \u012f visus Jums r\u016bpimus klausimus.<\/p>\n<p>\u00a0<\/p>\n","protected":false},"excerpt":{"rendered":"<p>Apie mus UAB\u00a0\u201eALERA\u201c \u012fregistruota 2005 metais. \u012emon\u0117 koncentruojasi \u012f vis\u0173 \u0161ildymo, \u0161aldymo bei v\u0117dinimo sistem\u0173 pardavim\u0105 ir montavim\u0105, prie\u017ei\u016br\u0105, remont\u0105. M\u016bs\u0173 kolektyve dirba motyvuoti, energingi, gerai i\u0161manantys savo darb\u0105, nuolat tobul\u0117jantys specialistai. Mes stengiam\u0117s puikiai atlikti savo darb\u0105 ir patenkinti visus savo klient\u0173 l\u016bkes\u010dius. Tik myl\u0117dami tai k\u0105 darome, sugeb\u0117jome tapti tokiais s\u0117kmingais. Darbuotojai: M\u016bs\u0173 &hellip; <\/p>\n<p class=\"link-more\"><a href=\"https:\/\/alera.lt\/index.php\/apie-mus\/\" class=\"more-link\">Toliau skaityti<span class=\"screen-reader-text\"> &#8222;Apie mus&#8221;<\/span><\/a><\/p>\n","protected":false},"author":1,"featured_media":0,"parent":0,"menu_order":0,"comment_status":"closed","ping_status":"closed","template":"","meta":{"_uag_custom_page_level_css":"","footnotes":""},"class_list":["post-5","page","type-page","status-publish","hentry"],"yoast_head":"<!-- This site is optimized with the Yoast SEO plugin v27.5 - https:\/\/yoast.com\/product\/yoast-seo-wordpress\/ -->\n<title>Apie mus - UAB Alera<\/title>\n<meta name=\"robots\" content=\"index, follow, max-snippet:-1, max-image-preview:large, max-video-preview:-1\" \/>\n<link rel=\"canonical\" href=\"https:\/\/alera.lt\/index.php\/apie-mus\/\" \/>\n<meta property=\"og:locale\" content=\"lt_LT\" \/>\n<meta property=\"og:type\" content=\"article\" \/>\n<meta property=\"og:title\" content=\"Apie mus - UAB Alera\" \/>\n<meta property=\"og:description\" content=\"Apie mus UAB\u00a0\u201eALERA\u201c \u012fregistruota 2005 metais. \u012emon\u0117 koncentruojasi \u012f vis\u0173 \u0161ildymo, \u0161aldymo bei v\u0117dinimo sistem\u0173 pardavim\u0105 ir montavim\u0105, prie\u017ei\u016br\u0105, remont\u0105. M\u016bs\u0173 kolektyve dirba motyvuoti, energingi, gerai i\u0161manantys savo darb\u0105, nuolat tobul\u0117jantys specialistai. Mes stengiam\u0117s puikiai atlikti savo darb\u0105 ir patenkinti visus savo klient\u0173 l\u016bkes\u010dius. Tik myl\u0117dami tai k\u0105 darome, sugeb\u0117jome tapti tokiais s\u0117kmingais. Darbuotojai: M\u016bs\u0173 &hellip; Toliau skaityti &quot;Apie mus&quot;\" \/>\n<meta property=\"og:url\" content=\"https:\/\/alera.lt\/index.php\/apie-mus\/\" \/>\n<meta property=\"og:site_name\" content=\"UAB Alera\" \/>\n<meta property=\"article:modified_time\" content=\"2024-02-05T07:54:28+00:00\" \/>\n<meta property=\"og:image\" content=\"http:\/\/alera.lt\/wp-content\/uploads\/2024\/01\/Alepos-puslapiui-300x101.jpg\" \/>\n<meta name=\"twitter:card\" content=\"summary_large_image\" \/>\n<meta name=\"twitter:label1\" content=\"Est. reading time\" \/>\n\t<meta name=\"twitter:data1\" content=\"2 minut\u0117s\" \/>\n<script type=\"application\/ld+json\" class=\"yoast-schema-graph\">{\"@context\":\"https:\\\/\\\/schema.org\",\"@graph\":[{\"@type\":\"WebPage\",\"@id\":\"https:\\\/\\\/alera.lt\\\/index.php\\\/apie-mus\\\/\",\"url\":\"https:\\\/\\\/alera.lt\\\/index.php\\\/apie-mus\\\/\",\"name\":\"Apie mus - UAB Alera\",\"isPartOf\":{\"@id\":\"https:\\\/\\\/alera.lt\\\/#website\"},\"primaryImageOfPage\":{\"@id\":\"https:\\\/\\\/alera.lt\\\/index.php\\\/apie-mus\\\/#primaryimage\"},\"image\":{\"@id\":\"https:\\\/\\\/alera.lt\\\/index.php\\\/apie-mus\\\/#primaryimage\"},\"thumbnailUrl\":\"http:\\\/\\\/alera.lt\\\/wp-content\\\/uploads\\\/2024\\\/01\\\/Alepos-puslapiui-300x101.jpg\",\"datePublished\":\"2018-11-27T09:17:08+00:00\",\"dateModified\":\"2024-02-05T07:54:28+00:00\",\"breadcrumb\":{\"@id\":\"https:\\\/\\\/alera.lt\\\/index.php\\\/apie-mus\\\/#breadcrumb\"},\"inLanguage\":\"lt-LT\",\"potentialAction\":[{\"@type\":\"ReadAction\",\"target\":[\"https:\\\/\\\/alera.lt\\\/index.php\\\/apie-mus\\\/\"]}]},{\"@type\":\"ImageObject\",\"inLanguage\":\"lt-LT\",\"@id\":\"https:\\\/\\\/alera.lt\\\/index.php\\\/apie-mus\\\/#primaryimage\",\"url\":\"https:\\\/\\\/alera.lt\\\/wp-content\\\/uploads\\\/2024\\\/01\\\/Alepos-puslapiui.jpg\",\"contentUrl\":\"https:\\\/\\\/alera.lt\\\/wp-content\\\/uploads\\\/2024\\\/01\\\/Alepos-puslapiui.jpg\",\"width\":1600,\"height\":540},{\"@type\":\"BreadcrumbList\",\"@id\":\"https:\\\/\\\/alera.lt\\\/index.php\\\/apie-mus\\\/#breadcrumb\",\"itemListElement\":[{\"@type\":\"ListItem\",\"position\":1,\"name\":\"Home\",\"item\":\"https:\\\/\\\/alera.lt\\\/\"},{\"@type\":\"ListItem\",\"position\":2,\"name\":\"Apie mus\"}]},{\"@type\":\"WebSite\",\"@id\":\"https:\\\/\\\/alera.lt\\\/#website\",\"url\":\"https:\\\/\\\/alera.lt\\\/\",\"name\":\"UAB Alera\",\"description\":\"Geriausi \u0161ildymo, v\u0117dinimo specialistai\",\"publisher\":{\"@id\":\"https:\\\/\\\/alera.lt\\\/#organization\"},\"potentialAction\":[{\"@type\":\"SearchAction\",\"target\":{\"@type\":\"EntryPoint\",\"urlTemplate\":\"https:\\\/\\\/alera.lt\\\/?s={search_term_string}\"},\"query-input\":{\"@type\":\"PropertyValueSpecification\",\"valueRequired\":true,\"valueName\":\"search_term_string\"}}],\"inLanguage\":\"lt-LT\"},{\"@type\":\"Organization\",\"@id\":\"https:\\\/\\\/alera.lt\\\/#organization\",\"name\":\"UAB Alera\",\"url\":\"https:\\\/\\\/alera.lt\\\/\",\"logo\":{\"@type\":\"ImageObject\",\"inLanguage\":\"lt-LT\",\"@id\":\"https:\\\/\\\/alera.lt\\\/#\\\/schema\\\/logo\\\/image\\\/\",\"url\":\"http:\\\/\\\/alera.lt\\\/wp-content\\\/uploads\\\/2020\\\/10\\\/alera12.png\",\"contentUrl\":\"http:\\\/\\\/alera.lt\\\/wp-content\\\/uploads\\\/2020\\\/10\\\/alera12.png\",\"width\":724,\"height\":300,\"caption\":\"UAB Alera\"},\"image\":{\"@id\":\"https:\\\/\\\/alera.lt\\\/#\\\/schema\\\/logo\\\/image\\\/\"}}]}<\/script>\n<!-- \/ Yoast SEO plugin. -->","yoast_head_json":{"title":"Apie mus - UAB Alera","robots":{"index":"index","follow":"follow","max-snippet":"max-snippet:-1","max-image-preview":"max-image-preview:large","max-video-preview":"max-video-preview:-1"},"canonical":"https:\/\/alera.lt\/index.php\/apie-mus\/","og_locale":"lt_LT","og_type":"article","og_title":"Apie mus - UAB Alera","og_description":"Apie mus UAB\u00a0\u201eALERA\u201c \u012fregistruota 2005 metais. \u012emon\u0117 koncentruojasi \u012f vis\u0173 \u0161ildymo, \u0161aldymo bei v\u0117dinimo sistem\u0173 pardavim\u0105 ir montavim\u0105, prie\u017ei\u016br\u0105, remont\u0105. M\u016bs\u0173 kolektyve dirba motyvuoti, energingi, gerai i\u0161manantys savo darb\u0105, nuolat tobul\u0117jantys specialistai. Mes stengiam\u0117s puikiai atlikti savo darb\u0105 ir patenkinti visus savo klient\u0173 l\u016bkes\u010dius. Tik myl\u0117dami tai k\u0105 darome, sugeb\u0117jome tapti tokiais s\u0117kmingais. Darbuotojai: M\u016bs\u0173 &hellip; Toliau skaityti \"Apie mus\"","og_url":"https:\/\/alera.lt\/index.php\/apie-mus\/","og_site_name":"UAB Alera","article_modified_time":"2024-02-05T07:54:28+00:00","og_image":[{"url":"http:\/\/alera.lt\/wp-content\/uploads\/2024\/01\/Alepos-puslapiui-300x101.jpg","type":"","width":"","height":""}],"twitter_card":"summary_large_image","twitter_misc":{"Est. reading time":"2 minut\u0117s"},"schema":{"@context":"https:\/\/schema.org","@graph":[{"@type":"WebPage","@id":"https:\/\/alera.lt\/index.php\/apie-mus\/","url":"https:\/\/alera.lt\/index.php\/apie-mus\/","name":"Apie mus - UAB Alera","isPartOf":{"@id":"https:\/\/alera.lt\/#website"},"primaryImageOfPage":{"@id":"https:\/\/alera.lt\/index.php\/apie-mus\/#primaryimage"},"image":{"@id":"https:\/\/alera.lt\/index.php\/apie-mus\/#primaryimage"},"thumbnailUrl":"http:\/\/alera.lt\/wp-content\/uploads\/2024\/01\/Alepos-puslapiui-300x101.jpg","datePublished":"2018-11-27T09:17:08+00:00","dateModified":"2024-02-05T07:54:28+00:00","breadcrumb":{"@id":"https:\/\/alera.lt\/index.php\/apie-mus\/#breadcrumb"},"inLanguage":"lt-LT","potentialAction":[{"@type":"ReadAction","target":["https:\/\/alera.lt\/index.php\/apie-mus\/"]}]},{"@type":"ImageObject","inLanguage":"lt-LT","@id":"https:\/\/alera.lt\/index.php\/apie-mus\/#primaryimage","url":"https:\/\/alera.lt\/wp-content\/uploads\/2024\/01\/Alepos-puslapiui.jpg","contentUrl":"https:\/\/alera.lt\/wp-content\/uploads\/2024\/01\/Alepos-puslapiui.jpg","width":1600,"height":540},{"@type":"BreadcrumbList","@id":"https:\/\/alera.lt\/index.php\/apie-mus\/#breadcrumb","itemListElement":[{"@type":"ListItem","position":1,"name":"Home","item":"https:\/\/alera.lt\/"},{"@type":"ListItem","position":2,"name":"Apie mus"}]},{"@type":"WebSite","@id":"https:\/\/alera.lt\/#website","url":"https:\/\/alera.lt\/","name":"UAB Alera","description":"Geriausi \u0161ildymo, v\u0117dinimo specialistai","publisher":{"@id":"https:\/\/alera.lt\/#organization"},"potentialAction":[{"@type":"SearchAction","target":{"@type":"EntryPoint","urlTemplate":"https:\/\/alera.lt\/?s={search_term_string}"},"query-input":{"@type":"PropertyValueSpecification","valueRequired":true,"valueName":"search_term_string"}}],"inLanguage":"lt-LT"},{"@type":"Organization","@id":"https:\/\/alera.lt\/#organization","name":"UAB Alera","url":"https:\/\/alera.lt\/","logo":{"@type":"ImageObject","inLanguage":"lt-LT","@id":"https:\/\/alera.lt\/#\/schema\/logo\/image\/","url":"http:\/\/alera.lt\/wp-content\/uploads\/2020\/10\/alera12.png","contentUrl":"http:\/\/alera.lt\/wp-content\/uploads\/2020\/10\/alera12.png","width":724,"height":300,"caption":"UAB Alera"},"image":{"@id":"https:\/\/alera.lt\/#\/schema\/logo\/image\/"}}]}},"uagb_featured_image_src":{"full":false,"thumbnail":false,"medium":false,"medium_large":false,"large":false,"1536x1536":false,"2048x2048":false,"twentyseventeen-featured-image":false,"twentyseventeen-thumbnail-avatar":false},"uagb_author_info":{"display_name":"dainiusjurate","author_link":"https:\/\/alera.lt\/index.php\/author\/dainiusjurate\/"},"uagb_comment_info":0,"uagb_excerpt":"Apie mus UAB\u00a0\u201eALERA\u201c \u012fregistruota 2005 metais. \u012emon\u0117 koncentruojasi \u012f vis\u0173 \u0161ildymo, \u0161aldymo bei v\u0117dinimo sistem\u0173 pardavim\u0105 ir montavim\u0105, prie\u017ei\u016br\u0105, remont\u0105. M\u016bs\u0173 kolektyve dirba motyvuoti, energingi, gerai i\u0161manantys savo darb\u0105, nuolat tobul\u0117jantys specialistai. Mes stengiam\u0117s puikiai atlikti savo darb\u0105 ir patenkinti visus savo klient\u0173 l\u016bkes\u010dius. Tik myl\u0117dami tai k\u0105 darome, sugeb\u0117jome tapti tokiais s\u0117kmingais. Darbuotojai: M\u016bs\u0173&hellip;","_links":{"self":[{"href":"https:\/\/alera.lt\/index.php\/wp-json\/wp\/v2\/pages\/5","targetHints":{"allow":["GET"]}}],"collection":[{"href":"https:\/\/alera.lt\/index.php\/wp-json\/wp\/v2\/pages"}],"about":[{"href":"https:\/\/alera.lt\/index.php\/wp-json\/wp\/v2\/types\/page"}],"author":[{"embeddable":true,"href":"https:\/\/alera.lt\/index.php\/wp-json\/wp\/v2\/users\/1"}],"replies":[{"embeddable":true,"href":"https:\/\/alera.lt\/index.php\/wp-json\/wp\/v2\/comments?post=5"}],"version-history":[{"count":27,"href":"https:\/\/alera.lt\/index.php\/wp-json\/wp\/v2\/pages\/5\/revisions"}],"predecessor-version":[{"id":1960,"href":"https:\/\/alera.lt\/index.php\/wp-json\/wp\/v2\/pages\/5\/revisions\/1960"}],"wp:attachment":[{"href":"https:\/\/alera.lt\/index.php\/wp-json\/wp\/v2\/media?parent=5"}],"curies":[{"name":"wp","href":"https:\/\/api.w.org\/{rel}","templated":true}]}}