{"id":1684,"date":"2018-11-27T09:17:28","date_gmt":"2018-11-27T09:17:28","guid":{"rendered":"http:\/\/alera.lt\/index.php\/services\/"},"modified":"2024-05-17T05:22:05","modified_gmt":"2024-05-17T05:22:05","slug":"paslaugos","status":"publish","type":"page","link":"https:\/\/alera.lt\/index.php\/paslaugos\/","title":{"rendered":"Paslaugos"},"content":{"rendered":"<h1>M\u016bs\u0173 teikiamos paslaugos<\/h1>\n<p style=\"margin-bottom: 0cm; text-indent: -18pt; line-height: normal; background-image: initial; background-position: initial; background-size: initial; background-repeat: initial; background-attachment: initial; background-origin: initial; background-clip: initial;\"><!--[if !supportLists]-->&#8211;&nbsp; &nbsp; &nbsp; &nbsp;<b style=\"font-style: inherit;\">SI\u016aLOMOS<br \/>PASLAUGOS<\/b><\/p>\n<p><b><o:p><\/o:p><\/b><\/p>\n<p style=\"margin-bottom: 0cm; text-indent: -18pt; line-height: normal; background-image: initial; background-position: initial; background-size: initial; background-repeat: initial; background-attachment: initial; background-origin: initial; background-clip: initial;\"><!--[endif]-->&nbsp; &nbsp; &nbsp; &nbsp;Sauso ir \u0161lapio grindinio,<br \/>sieninio ar lubinio \u0161ildymo, v\u0117sinimo sistem\u0173 pardavimas, konsultavimas, sistem\u0173 \u012frengimas.<o:p><\/o:p><\/p>\n<p style=\"margin-bottom: 0cm; text-indent: -18pt; line-height: normal; background-image: initial; background-position: initial; background-size: initial; background-repeat: initial; background-attachment: initial; background-origin: initial; background-clip: initial;\"><!--[if !supportLists]-->&#8211;&nbsp;&nbsp;&nbsp;&nbsp;&nbsp;&nbsp;&nbsp;<br \/><!--[endif]-->Nam\u0173 \u0161ildymo valdymo sistem\u0173<br \/>pardavimas, konsultavimas, \u012frengimas<\/p>\n<p style=\"margin-bottom: 0cm; text-indent: -18pt; line-height: normal; background-image: initial; background-position: initial; background-size: initial; background-repeat: initial; background-attachment: initial; background-origin: initial; background-clip: initial;\"><!--[if !supportLists]-->&#8211;&nbsp;&nbsp;&nbsp;&nbsp;&nbsp;&nbsp;&nbsp;<br \/><!--[endif]-->Elektrinio grindinio, sieninio<br \/>ar lubinio \u0161ildymo sistem\u0173 pardavimas, konsultavimas, \u012frengimas<\/p>\n<p style=\"margin-bottom: 0cm; text-indent: -18pt; line-height: normal; background-image: initial; background-position: initial; background-size: initial; background-repeat: initial; background-attachment: initial; background-origin: initial; background-clip: initial;\"><\/p>\n<p style=\"margin-bottom: 0cm; text-indent: -18pt; line-height: normal; background-image: initial; background-position: initial; background-size: initial; background-repeat: initial; background-attachment: initial; background-origin: initial; background-clip: initial;\"><!--[if !supportLists]-->&#8211;&nbsp; &nbsp; &nbsp; &nbsp;<b style=\"font-style: inherit;\">TAIP PAT<br \/>\nATLIEKAME<\/b><\/p>\n<p><b><o:p><\/o:p><\/b><\/p>\n<p style=\"margin-bottom: 0cm; text-indent: -18pt; line-height: normal; background-image: initial; background-position: initial; background-size: initial; background-repeat: initial; background-attachment: initial; background-origin: initial; background-clip: initial;\"><!--[endif]-->&nbsp; &nbsp; &nbsp; \u0160ilumos siurbli\u0173 montavimo,<br \/>technin\u0117s prie\u017ei\u016bros ir remonto darbus<o:p><\/o:p><\/p>\n<p style=\"margin-bottom: 0cm; text-indent: -18pt; line-height: normal; background-image: initial; background-position: initial; background-size: initial; background-repeat: initial; background-attachment: initial; background-origin: initial; background-clip: initial;\"><!--[if !supportLists]-->&#8211;&nbsp;&nbsp;&nbsp;&nbsp;&nbsp;&nbsp;&nbsp;<br \/><!--[endif]-->Kondicionieri\u0173<br \/>montavimas, technin\u0117 prie\u017ei\u016bra ir remontas<o:p><\/o:p><\/p>\n<p style=\"margin-bottom: 0cm; text-indent: -18pt; line-height: normal; background-image: initial; background-position: initial; background-size: initial; background-repeat: initial; background-attachment: initial; background-origin: initial; background-clip: initial;\"><!--[if !supportLists]-->&#8211;&nbsp;&nbsp;&nbsp;&nbsp;&nbsp;&nbsp;&nbsp;<br \/><!--[endif]-->Prekyba visais<br \/>santechnikos, \u0161ildymo, v\u0117sinimo produktais<o:p><\/o:p><\/p>\n<ul>\n<\/ul>\n<p style=\"margin-bottom: 0cm; text-indent: -18pt; line-height: normal; background-image: initial; background-position: initial; background-size: initial; background-repeat: initial; background-attachment: initial; background-origin: initial; background-clip: initial;\">\n<p>Turite klausim\u0173? Reikia konsultacijos? Susisiekite tel. +37061603757 arba el. pa\u0161tu info@alera.lt ir mes jums patarsime, pad\u0117sime bei pasi\u016blysime darb\u0173 atlikim\u0105 u\u017e konkurencingas kaina&nbsp;<\/p>\n","protected":false},"excerpt":{"rendered":"<p>M\u016bs\u0173 teikiamos paslaugos &#8211;&nbsp; &nbsp; &nbsp; &nbsp;SI\u016aLOMOSPASLAUGOS &nbsp; &nbsp; &nbsp; &nbsp;Sauso ir \u0161lapio grindinio,sieninio ar lubinio \u0161ildymo, v\u0117sinimo sistem\u0173 pardavimas, konsultavimas, sistem\u0173 \u012frengimas. &#8211;&nbsp;&nbsp;&nbsp;&nbsp;&nbsp;&nbsp;&nbsp;Nam\u0173 \u0161ildymo valdymo sistem\u0173pardavimas, konsultavimas, \u012frengimas &#8211;&nbsp;&nbsp;&nbsp;&nbsp;&nbsp;&nbsp;&nbsp;Elektrinio grindinio, sieninioar lubinio \u0161ildymo sistem\u0173 pardavimas, konsultavimas, \u012frengimas &#8211;&nbsp; &nbsp; &nbsp; &nbsp;TAIP PAT ATLIEKAME &nbsp; &nbsp; &nbsp; \u0160ilumos siurbli\u0173 montavimo,technin\u0117s prie\u017ei\u016bros ir remonto darbus &#8211;&nbsp;&nbsp;&nbsp;&nbsp;&nbsp;&nbsp;&nbsp;Kondicionieri\u0173montavimas, &hellip; <\/p>\n<p class=\"link-more\"><a href=\"https:\/\/alera.lt\/index.php\/paslaugos\/\" class=\"more-link\">Toliau skaityti<span class=\"screen-reader-text\"> &#8222;Paslaugos&#8221;<\/span><\/a><\/p>\n","protected":false},"author":1,"featured_media":0,"parent":0,"menu_order":0,"comment_status":"closed","ping_status":"closed","template":"","meta":{"_uag_custom_page_level_css":"","footnotes":""},"class_list":["post-1684","page","type-page","status-publish","hentry"],"yoast_head":"<!-- This site is optimized with the Yoast SEO plugin v27.5 - https:\/\/yoast.com\/product\/yoast-seo-wordpress\/ -->\n<title>Paslaugos - UAB Alera<\/title>\n<meta name=\"robots\" content=\"index, follow, max-snippet:-1, max-image-preview:large, max-video-preview:-1\" \/>\n<link rel=\"canonical\" href=\"https:\/\/alera.lt\/index.php\/paslaugos\/\" \/>\n<meta property=\"og:locale\" content=\"lt_LT\" \/>\n<meta property=\"og:type\" content=\"article\" \/>\n<meta property=\"og:title\" content=\"Paslaugos - UAB Alera\" \/>\n<meta property=\"og:description\" content=\"M\u016bs\u0173 teikiamos paslaugos &#8211;&nbsp; &nbsp; &nbsp; &nbsp;SI\u016aLOMOSPASLAUGOS &nbsp; &nbsp; &nbsp; &nbsp;Sauso ir \u0161lapio grindinio,sieninio ar lubinio \u0161ildymo, v\u0117sinimo sistem\u0173 pardavimas, konsultavimas, sistem\u0173 \u012frengimas. &#8211;&nbsp;&nbsp;&nbsp;&nbsp;&nbsp;&nbsp;&nbsp;Nam\u0173 \u0161ildymo valdymo sistem\u0173pardavimas, konsultavimas, \u012frengimas &#8211;&nbsp;&nbsp;&nbsp;&nbsp;&nbsp;&nbsp;&nbsp;Elektrinio grindinio, sieninioar lubinio \u0161ildymo sistem\u0173 pardavimas, konsultavimas, \u012frengimas &#8211;&nbsp; &nbsp; &nbsp; &nbsp;TAIP PAT ATLIEKAME &nbsp; &nbsp; &nbsp; \u0160ilumos siurbli\u0173 montavimo,technin\u0117s prie\u017ei\u016bros ir remonto darbus &#8211;&nbsp;&nbsp;&nbsp;&nbsp;&nbsp;&nbsp;&nbsp;Kondicionieri\u0173montavimas, &hellip; Toliau skaityti &quot;Paslaugos&quot;\" \/>\n<meta property=\"og:url\" content=\"https:\/\/alera.lt\/index.php\/paslaugos\/\" \/>\n<meta property=\"og:site_name\" content=\"UAB Alera\" \/>\n<meta property=\"article:modified_time\" content=\"2024-05-17T05:22:05+00:00\" \/>\n<meta name=\"twitter:card\" content=\"summary_large_image\" \/>\n<meta name=\"twitter:label1\" content=\"Est. reading time\" \/>\n\t<meta name=\"twitter:data1\" content=\"1 minut\u0117\" \/>\n<script type=\"application\/ld+json\" class=\"yoast-schema-graph\">{\"@context\":\"https:\\\/\\\/schema.org\",\"@graph\":[{\"@type\":\"WebPage\",\"@id\":\"https:\\\/\\\/alera.lt\\\/index.php\\\/paslaugos\\\/\",\"url\":\"https:\\\/\\\/alera.lt\\\/index.php\\\/paslaugos\\\/\",\"name\":\"Paslaugos - UAB Alera\",\"isPartOf\":{\"@id\":\"https:\\\/\\\/alera.lt\\\/#website\"},\"datePublished\":\"2018-11-27T09:17:28+00:00\",\"dateModified\":\"2024-05-17T05:22:05+00:00\",\"breadcrumb\":{\"@id\":\"https:\\\/\\\/alera.lt\\\/index.php\\\/paslaugos\\\/#breadcrumb\"},\"inLanguage\":\"lt-LT\",\"potentialAction\":[{\"@type\":\"ReadAction\",\"target\":[\"https:\\\/\\\/alera.lt\\\/index.php\\\/paslaugos\\\/\"]}]},{\"@type\":\"BreadcrumbList\",\"@id\":\"https:\\\/\\\/alera.lt\\\/index.php\\\/paslaugos\\\/#breadcrumb\",\"itemListElement\":[{\"@type\":\"ListItem\",\"position\":1,\"name\":\"Home\",\"item\":\"https:\\\/\\\/alera.lt\\\/\"},{\"@type\":\"ListItem\",\"position\":2,\"name\":\"Paslaugos\"}]},{\"@type\":\"WebSite\",\"@id\":\"https:\\\/\\\/alera.lt\\\/#website\",\"url\":\"https:\\\/\\\/alera.lt\\\/\",\"name\":\"UAB Alera\",\"description\":\"Geriausi \u0161ildymo, v\u0117dinimo specialistai\",\"publisher\":{\"@id\":\"https:\\\/\\\/alera.lt\\\/#organization\"},\"potentialAction\":[{\"@type\":\"SearchAction\",\"target\":{\"@type\":\"EntryPoint\",\"urlTemplate\":\"https:\\\/\\\/alera.lt\\\/?s={search_term_string}\"},\"query-input\":{\"@type\":\"PropertyValueSpecification\",\"valueRequired\":true,\"valueName\":\"search_term_string\"}}],\"inLanguage\":\"lt-LT\"},{\"@type\":\"Organization\",\"@id\":\"https:\\\/\\\/alera.lt\\\/#organization\",\"name\":\"UAB Alera\",\"url\":\"https:\\\/\\\/alera.lt\\\/\",\"logo\":{\"@type\":\"ImageObject\",\"inLanguage\":\"lt-LT\",\"@id\":\"https:\\\/\\\/alera.lt\\\/#\\\/schema\\\/logo\\\/image\\\/\",\"url\":\"http:\\\/\\\/alera.lt\\\/wp-content\\\/uploads\\\/2020\\\/10\\\/alera12.png\",\"contentUrl\":\"http:\\\/\\\/alera.lt\\\/wp-content\\\/uploads\\\/2020\\\/10\\\/alera12.png\",\"width\":724,\"height\":300,\"caption\":\"UAB Alera\"},\"image\":{\"@id\":\"https:\\\/\\\/alera.lt\\\/#\\\/schema\\\/logo\\\/image\\\/\"}}]}<\/script>\n<!-- \/ Yoast SEO plugin. -->","yoast_head_json":{"title":"Paslaugos - UAB Alera","robots":{"index":"index","follow":"follow","max-snippet":"max-snippet:-1","max-image-preview":"max-image-preview:large","max-video-preview":"max-video-preview:-1"},"canonical":"https:\/\/alera.lt\/index.php\/paslaugos\/","og_locale":"lt_LT","og_type":"article","og_title":"Paslaugos - UAB Alera","og_description":"M\u016bs\u0173 teikiamos paslaugos &#8211;&nbsp; &nbsp; &nbsp; &nbsp;SI\u016aLOMOSPASLAUGOS &nbsp; &nbsp; &nbsp; &nbsp;Sauso ir \u0161lapio grindinio,sieninio ar lubinio \u0161ildymo, v\u0117sinimo sistem\u0173 pardavimas, konsultavimas, sistem\u0173 \u012frengimas. &#8211;&nbsp;&nbsp;&nbsp;&nbsp;&nbsp;&nbsp;&nbsp;Nam\u0173 \u0161ildymo valdymo sistem\u0173pardavimas, konsultavimas, \u012frengimas &#8211;&nbsp;&nbsp;&nbsp;&nbsp;&nbsp;&nbsp;&nbsp;Elektrinio grindinio, sieninioar lubinio \u0161ildymo sistem\u0173 pardavimas, konsultavimas, \u012frengimas &#8211;&nbsp; &nbsp; &nbsp; &nbsp;TAIP PAT ATLIEKAME &nbsp; &nbsp; &nbsp; \u0160ilumos siurbli\u0173 montavimo,technin\u0117s prie\u017ei\u016bros ir remonto darbus &#8211;&nbsp;&nbsp;&nbsp;&nbsp;&nbsp;&nbsp;&nbsp;Kondicionieri\u0173montavimas, &hellip; Toliau skaityti \"Paslaugos\"","og_url":"https:\/\/alera.lt\/index.php\/paslaugos\/","og_site_name":"UAB Alera","article_modified_time":"2024-05-17T05:22:05+00:00","twitter_card":"summary_large_image","twitter_misc":{"Est. reading time":"1 minut\u0117"},"schema":{"@context":"https:\/\/schema.org","@graph":[{"@type":"WebPage","@id":"https:\/\/alera.lt\/index.php\/paslaugos\/","url":"https:\/\/alera.lt\/index.php\/paslaugos\/","name":"Paslaugos - UAB Alera","isPartOf":{"@id":"https:\/\/alera.lt\/#website"},"datePublished":"2018-11-27T09:17:28+00:00","dateModified":"2024-05-17T05:22:05+00:00","breadcrumb":{"@id":"https:\/\/alera.lt\/index.php\/paslaugos\/#breadcrumb"},"inLanguage":"lt-LT","potentialAction":[{"@type":"ReadAction","target":["https:\/\/alera.lt\/index.php\/paslaugos\/"]}]},{"@type":"BreadcrumbList","@id":"https:\/\/alera.lt\/index.php\/paslaugos\/#breadcrumb","itemListElement":[{"@type":"ListItem","position":1,"name":"Home","item":"https:\/\/alera.lt\/"},{"@type":"ListItem","position":2,"name":"Paslaugos"}]},{"@type":"WebSite","@id":"https:\/\/alera.lt\/#website","url":"https:\/\/alera.lt\/","name":"UAB Alera","description":"Geriausi \u0161ildymo, v\u0117dinimo specialistai","publisher":{"@id":"https:\/\/alera.lt\/#organization"},"potentialAction":[{"@type":"SearchAction","target":{"@type":"EntryPoint","urlTemplate":"https:\/\/alera.lt\/?s={search_term_string}"},"query-input":{"@type":"PropertyValueSpecification","valueRequired":true,"valueName":"search_term_string"}}],"inLanguage":"lt-LT"},{"@type":"Organization","@id":"https:\/\/alera.lt\/#organization","name":"UAB Alera","url":"https:\/\/alera.lt\/","logo":{"@type":"ImageObject","inLanguage":"lt-LT","@id":"https:\/\/alera.lt\/#\/schema\/logo\/image\/","url":"http:\/\/alera.lt\/wp-content\/uploads\/2020\/10\/alera12.png","contentUrl":"http:\/\/alera.lt\/wp-content\/uploads\/2020\/10\/alera12.png","width":724,"height":300,"caption":"UAB Alera"},"image":{"@id":"https:\/\/alera.lt\/#\/schema\/logo\/image\/"}}]}},"uagb_featured_image_src":{"full":false,"thumbnail":false,"medium":false,"medium_large":false,"large":false,"1536x1536":false,"2048x2048":false,"twentyseventeen-featured-image":false,"twentyseventeen-thumbnail-avatar":false},"uagb_author_info":{"display_name":"dainiusjurate","author_link":"https:\/\/alera.lt\/index.php\/author\/dainiusjurate\/"},"uagb_comment_info":0,"uagb_excerpt":"M\u016bs\u0173 teikiamos paslaugos &#8211;&nbsp; &nbsp; &nbsp; &nbsp;SI\u016aLOMOSPASLAUGOS &nbsp; &nbsp; &nbsp; &nbsp;Sauso ir \u0161lapio grindinio,sieninio ar lubinio \u0161ildymo, v\u0117sinimo sistem\u0173 pardavimas, konsultavimas, sistem\u0173 \u012frengimas. &#8211;&nbsp;&nbsp;&nbsp;&nbsp;&nbsp;&nbsp;&nbsp;Nam\u0173 \u0161ildymo valdymo sistem\u0173pardavimas, konsultavimas, \u012frengimas &#8211;&nbsp;&nbsp;&nbsp;&nbsp;&nbsp;&nbsp;&nbsp;Elektrinio grindinio, sieninioar lubinio \u0161ildymo sistem\u0173 pardavimas, konsultavimas, \u012frengimas &#8211;&nbsp; &nbsp; &nbsp; &nbsp;TAIP PAT ATLIEKAME &nbsp; &nbsp; &nbsp; \u0160ilumos siurbli\u0173 montavimo,technin\u0117s prie\u017ei\u016bros ir remonto darbus &#8211;&nbsp;&nbsp;&nbsp;&nbsp;&nbsp;&nbsp;&nbsp;Kondicionieri\u0173montavimas,&hellip;","_links":{"self":[{"href":"https:\/\/alera.lt\/index.php\/wp-json\/wp\/v2\/pages\/1684","targetHints":{"allow":["GET"]}}],"collection":[{"href":"https:\/\/alera.lt\/index.php\/wp-json\/wp\/v2\/pages"}],"about":[{"href":"https:\/\/alera.lt\/index.php\/wp-json\/wp\/v2\/types\/page"}],"author":[{"embeddable":true,"href":"https:\/\/alera.lt\/index.php\/wp-json\/wp\/v2\/users\/1"}],"replies":[{"embeddable":true,"href":"https:\/\/alera.lt\/index.php\/wp-json\/wp\/v2\/comments?post=1684"}],"version-history":[{"count":27,"href":"https:\/\/alera.lt\/index.php\/wp-json\/wp\/v2\/pages\/1684\/revisions"}],"predecessor-version":[{"id":1993,"href":"https:\/\/alera.lt\/index.php\/wp-json\/wp\/v2\/pages\/1684\/revisions\/1993"}],"wp:attachment":[{"href":"https:\/\/alera.lt\/index.php\/wp-json\/wp\/v2\/media?parent=1684"}],"curies":[{"name":"wp","href":"https:\/\/api.w.org\/{rel}","templated":true}]}}