{"id":1683,"date":"2018-11-27T09:16:54","date_gmt":"2018-11-27T09:16:54","guid":{"rendered":"http:\/\/alera.lt\/index.php\/home\/"},"modified":"2025-05-18T10:10:33","modified_gmt":"2025-05-18T10:10:33","slug":"pagrindinis","status":"publish","type":"page","link":"https:\/\/alera.lt\/","title":{"rendered":"Pagrindinis"},"content":{"rendered":"\n<div class=\"wp-block-uagb-container uagb-block-kdsg1fgg alignfull uagb-is-root-container\"><div class=\"uagb-container-inner-blocks-wrap\">\n<div class=\"wp-block-uagb-info-box uagb-block-uqfdkm0s uagb-infobox__content-wrap  uagb-infobox-icon-above-title uagb-infobox-image-valign-top\"><div class=\"uagb-ifb-content\"><div class=\"uagb-ifb-title-wrap\"><h1 class=\"uagb-ifb-title\"><strong>UAB ALERA<\/strong><\/h1><\/div><\/div><\/div>\n\n\n\n<div class=\"wp-block-uagb-buttons uagb-buttons__outer-wrap uagb-btn__default-btn uagb-btn-tablet__default-btn uagb-btn-mobile__default-btn uagb-block-nj21v36c\"><div class=\"uagb-buttons__wrap uagb-buttons-layout-wrap \">\n<div class=\"wp-block-uagb-buttons-child uagb-buttons__outer-wrap uagb-block-bs27gflu wp-block-button\"><div class=\"uagb-button__wrapper\"><a class=\"uagb-buttons-repeater wp-block-button__link\" aria-label=\"\" href=\"#\" rel=\"follow noopener\" target=\"_self\" role=\"button\"><div class=\"uagb-button__link\">Get Started<\/div><\/a><\/div><\/div>\n<\/div><\/div>\n\n\n\n<div class=\"wp-block-uagb-image alignleft uagb-block-lpxct2oq wp-block-uagb-image--layout-default wp-block-uagb-image--effect-static wp-block-uagb-image--align-left\"><figure class=\"wp-block-uagb-image__figure\"><img decoding=\"async\" srcset=\"https:\/\/websitedemos.net\/wp-content\/uploads\/2023\/10\/natures-01-1024x683.jpg ,https:\/\/websitedemos.net\/wp-content\/uploads\/2023\/10\/natures-01-1024x683.jpg 780w\" sizes=\"auto, (max-width: 480px) 150px\" src=\"https:\/\/websitedemos.net\/wp-content\/uploads\/2023\/10\/natures-01-1024x683.jpg\" alt=\"\" class=\"uag-image-80573\" width=\"1200\" height=\"350\" title=\"\" loading=\"lazy\" role=\"img\"\/><\/figure><\/div>\n<\/div><\/div>\n\n\n\n<div class=\"wp-block-uagb-container uagb-block-ytco3xsz alignfull uagb-is-root-container\"><div class=\"uagb-container-inner-blocks-wrap\">\n<div class=\"wp-block-uagb-info-box uagb-block-9c8b2jrh uagb-infobox__content-wrap  uagb-infobox-icon-above-title uagb-infobox-image-valign-top\"><div class=\"uagb-ifb-content\"><div class=\"uagb-ifb-title-wrap\"><\/div><p class=\"uagb-ifb-desc\">UAB\u00a0\u201eALERA\u201c \u012fregistruota 2005 metais. \u012emon\u0117 koncentruojasi \u012f vis\u0173 \u0161ildymo, \u0161aldymo bei v\u0117dinimo sistem\u0173 pardavim\u0105, konsultavim\u0105, montavim\u0105, prie\u017ei\u016br\u0105, remont\u0105 ir prekyb\u0105. M\u016bs\u0173 kolektyve dirba motyvuoti, energingi, gerai i\u0161manantys savo darb\u0105, nuolat tobul\u0117jantys specialistai.<br>Mes stengiam\u0117s puikiai atlikti savo darb\u0105 ir patenkinti visus savo klient\u0173 l\u016bkes\u010dius.<br>Tik myl\u0117dami tai k\u0105 darome, sugeb\u0117jome tapti tokiais s\u0117kmingais<\/p><\/div><\/div>\n\n\n\n<div class=\"wp-block-uagb-container uagb-block-106rdnah\">\n<div class=\"wp-block-uagb-container uagb-block-bb5mb8l1\">\n<div class=\"wp-block-uagb-info-box uagb-block-090sge9u uagb-infobox__content-wrap  uagb-infobox-icon-above-title uagb-infobox-image-valign-top\"><div class=\"uagb-ifb-content\"><div class=\"uagb-ifb-title-wrap\"><p class=\"uagb-ifb-title-prefix\"><img loading=\"lazy\" decoding=\"async\" width=\"150\" height=\"84\" class=\"wp-image-1702\" style=\"width: 150px;\" src=\"http:\/\/alera.lt\/wp-content\/uploads\/2020\/10\/DSC_0524-scaled.jpg\" alt=\"\" srcset=\"https:\/\/alera.lt\/wp-content\/uploads\/2020\/10\/DSC_0524-scaled.jpg 2560w, https:\/\/alera.lt\/wp-content\/uploads\/2020\/10\/DSC_0524-300x169.jpg 300w, https:\/\/alera.lt\/wp-content\/uploads\/2020\/10\/DSC_0524-1024x576.jpg 1024w, https:\/\/alera.lt\/wp-content\/uploads\/2020\/10\/DSC_0524-768x432.jpg 768w, https:\/\/alera.lt\/wp-content\/uploads\/2020\/10\/DSC_0524-1536x864.jpg 1536w, https:\/\/alera.lt\/wp-content\/uploads\/2020\/10\/DSC_0524-2048x1152.jpg 2048w\" sizes=\"auto, (max-width: 150px) 100vw, 150px\" \/><\/p><h3 class=\"uagb-ifb-title\"><strong>Grindinis \u0161ildymas<\/strong><\/h3><\/div><p class=\"uagb-ifb-desc\">Turime visus sprendimus grindinio, sieninio ar lubinio \u0161ildymo sistemoms, parduodame, konsultuojame.<\/p><\/div><\/div>\n<\/div>\n\n\n\n<div class=\"wp-block-uagb-container uagb-block-8qbxmdmn\">\n<div class=\"wp-block-uagb-info-box uagb-block-l0cmawtl uagb-infobox__content-wrap  uagb-infobox-icon-above-title uagb-infobox-image-valign-top\"><div class=\"uagb-ifb-content\"><div class=\"uagb-ifb-title-wrap\"><p class=\"uagb-ifb-title-prefix\"><img loading=\"lazy\" decoding=\"async\" width=\"150\" height=\"150\" class=\"wp-image-2017\" style=\"width: 150px;\" src=\"http:\/\/alera.lt\/wp-content\/uploads\/2025\/05\/silumos-siurblys-oras-vanduo-panasonic-aquarea-high-performance-bi-bloc-k-generation-wc03k3e5-32-kw-6-1.jpg\" alt=\"\" srcset=\"https:\/\/alera.lt\/wp-content\/uploads\/2025\/05\/silumos-siurblys-oras-vanduo-panasonic-aquarea-high-performance-bi-bloc-k-generation-wc03k3e5-32-kw-6-1.jpg 2000w, https:\/\/alera.lt\/wp-content\/uploads\/2025\/05\/silumos-siurblys-oras-vanduo-panasonic-aquarea-high-performance-bi-bloc-k-generation-wc03k3e5-32-kw-6-1-300x300.jpg 300w, https:\/\/alera.lt\/wp-content\/uploads\/2025\/05\/silumos-siurblys-oras-vanduo-panasonic-aquarea-high-performance-bi-bloc-k-generation-wc03k3e5-32-kw-6-1-1024x1024.jpg 1024w, https:\/\/alera.lt\/wp-content\/uploads\/2025\/05\/silumos-siurblys-oras-vanduo-panasonic-aquarea-high-performance-bi-bloc-k-generation-wc03k3e5-32-kw-6-1-150x150.jpg 150w, https:\/\/alera.lt\/wp-content\/uploads\/2025\/05\/silumos-siurblys-oras-vanduo-panasonic-aquarea-high-performance-bi-bloc-k-generation-wc03k3e5-32-kw-6-1-768x768.jpg 768w, https:\/\/alera.lt\/wp-content\/uploads\/2025\/05\/silumos-siurblys-oras-vanduo-panasonic-aquarea-high-performance-bi-bloc-k-generation-wc03k3e5-32-kw-6-1-1536x1536.jpg 1536w, https:\/\/alera.lt\/wp-content\/uploads\/2025\/05\/silumos-siurblys-oras-vanduo-panasonic-aquarea-high-performance-bi-bloc-k-generation-wc03k3e5-32-kw-6-1-100x100.jpg 100w\" sizes=\"auto, (max-width: 150px) 100vw, 150px\" \/><\/p><h3 class=\"uagb-ifb-title\"><strong>\u0160ilumos siurbliai<\/strong><\/h3><\/div><p class=\"uagb-ifb-desc\">Parduodame, montuojame ir remontuojame \u0161ilumos siurblius. Galime pasi\u016blyti geriausius sprendimus J\u016bs\u0173 b\u016bstui<\/p><\/div><\/div>\n<\/div>\n\n\n\n<div class=\"wp-block-uagb-container uagb-block-3awdtkzt\">\n<div class=\"wp-block-uagb-info-box uagb-block-bgi0anp6 uagb-infobox__content-wrap  uagb-infobox-icon-above-title uagb-infobox-image-valign-top\"><div class=\"uagb-ifb-content\"><div class=\"uagb-ifb-title-wrap\"><p class=\"uagb-ifb-title-prefix\"><img loading=\"lazy\" decoding=\"async\" width=\"150\" height=\"150\" class=\"wp-image-2019\" style=\"width: 150px;\" src=\"http:\/\/alera.lt\/wp-content\/uploads\/2025\/05\/slide_H70ff396aaa9340ddb67c75152146d16ea.jpg\" alt=\"\" srcset=\"https:\/\/alera.lt\/wp-content\/uploads\/2025\/05\/slide_H70ff396aaa9340ddb67c75152146d16ea.jpg 512w, https:\/\/alera.lt\/wp-content\/uploads\/2025\/05\/slide_H70ff396aaa9340ddb67c75152146d16ea-300x300.jpg 300w, https:\/\/alera.lt\/wp-content\/uploads\/2025\/05\/slide_H70ff396aaa9340ddb67c75152146d16ea-150x150.jpg 150w, https:\/\/alera.lt\/wp-content\/uploads\/2025\/05\/slide_H70ff396aaa9340ddb67c75152146d16ea-100x100.jpg 100w\" sizes=\"auto, (max-width: 150px) 100vw, 150px\" \/><\/p><h3 class=\"uagb-ifb-title\">\u0160VOK \u012frankiai<\/h3><\/div><p class=\"uagb-ifb-desc\">Si\u016blome plat\u0173 \u0161ilumos siurbli\u0173 ir kondicionieri\u0173 montavimo, aptarnavimo akumuliatorini\u0173 \u012franki\u0173 asortiment\u0105<\/p><\/div><\/div>\n<\/div>\n<\/div>\n<\/div><\/div>\n\n\n\n<div class=\"wp-block-uagb-container uagb-block-0ihsryav alignfull uagb-is-root-container\"><div class=\"uagb-container-inner-blocks-wrap\">\n<div class=\"wp-block-uagb-info-box uagb-block-r1wtdcdh uagb-infobox__content-wrap  uagb-infobox-icon-above-title uagb-infobox-image-valign-top\"><div class=\"uagb-ifb-content\"><div class=\"uagb-ifb-title-wrap\"><h2 class=\"uagb-ifb-title\">M\u016bs\u0173 internetin\u0117s parduotuv\u0117s:<\/h2><\/div><\/div><\/div>\n\n\n\n<div class=\"wp-block-uagb-container uagb-block-losivzup\">\n<div class=\"wp-block-uagb-info-box uagb-block-3fgrq1ws uagb-infobox__content-wrap  uagb-infobox-icon-above-title uagb-infobox-image-valign-top\"><div class=\"uagb-ifb-content\"><div class=\"uagb-ifb-title-wrap\"><\/div><p class=\"uagb-ifb-desc\"><a href=\"https:\/\/sildomosgrindys.lt\/lt\/\"><img loading=\"lazy\" decoding=\"async\" width=\"150\" height=\"37\" class=\"wp-image-1739\" style=\"width: 150px;\" src=\"http:\/\/alera.lt\/wp-content\/uploads\/2020\/10\/sildomosgrindyslt-logo-1530212757.png\" alt=\"\" srcset=\"https:\/\/alera.lt\/wp-content\/uploads\/2020\/10\/sildomosgrindyslt-logo-1530212757.png 407w, https:\/\/alera.lt\/wp-content\/uploads\/2020\/10\/sildomosgrindyslt-logo-1530212757-300x74.png 300w\" sizes=\"auto, (max-width: 150px) 100vw, 150px\" \/><\/a><\/p><\/div><\/div>\n\n\n\n<figure class=\"wp-block-image size-full is-resized\"><img loading=\"lazy\" decoding=\"async\" width=\"665\" height=\"99\" src=\"http:\/\/alera.lt\/wp-content\/uploads\/2025\/05\/visasantechnika2.png\" alt=\"\" class=\"wp-image-1999\" style=\"width:161px;height:auto\" srcset=\"https:\/\/alera.lt\/wp-content\/uploads\/2025\/05\/visasantechnika2.png 665w, https:\/\/alera.lt\/wp-content\/uploads\/2025\/05\/visasantechnika2-300x45.png 300w\" sizes=\"auto, (max-width: 665px) 100vw, 665px\" \/><\/figure>\n<\/div>\n<\/div><\/div>\n\n\n\n<div class=\"wp-block-uagb-container uagb-block-y1kcw9lp alignfull uagb-is-root-container\"><div class=\"uagb-container-inner-blocks-wrap\">\n<div class=\"wp-block-uagb-image alignleft uagb-block-iczhtn0v wp-block-uagb-image--layout-default wp-block-uagb-image--effect-static wp-block-uagb-image--align-left\"><figure class=\"wp-block-uagb-image__figure\"><img decoding=\"async\" srcset=\"https:\/\/alera.lt\/wp-content\/uploads\/2025\/05\/about-06.jpg ,https:\/\/alera.lt\/wp-content\/uploads\/2025\/05\/about-06.jpg 780w, https:\/\/alera.lt\/wp-content\/uploads\/2025\/05\/about-06.jpg 360w\" sizes=\"auto, (max-width: 480px) 150px\" src=\"https:\/\/alera.lt\/wp-content\/uploads\/2025\/05\/about-06.jpg\" alt=\"\" class=\"uag-image-77437\" width=\"564\" height=\"423\" title=\"\" loading=\"lazy\" role=\"img\"\/><\/figure><\/div>\n<\/div><\/div>\n\n\n\n<div class=\"wp-block-uagb-container uagb-block-jex0npxp alignfull uagb-is-root-container\"><div class=\"uagb-container-inner-blocks-wrap\">\n<div class=\"wp-block-uagb-info-box uagb-block-ihghvkh9 uagb-infobox__content-wrap  uagb-infobox-icon-above-title uagb-infobox-image-valign-top\"><div class=\"uagb-ifb-content\"><div class=\"uagb-ifb-title-wrap\"><p class=\"uagb-ifb-title-prefix\">Stay Connected with Us<\/p><h2 class=\"uagb-ifb-title\">Let\\&#8217;s Create Together<\/h2><\/div><\/div><\/div>\n\n\n\n<div class=\"wp-block-uagb-buttons uagb-buttons__outer-wrap uagb-btn__default-btn uagb-btn-tablet__default-btn uagb-btn-mobile__default-btn uagb-block-a0zgotmu\"><div class=\"uagb-buttons__wrap uagb-buttons-layout-wrap \">\n<div class=\"wp-block-uagb-buttons-child uagb-buttons__outer-wrap uagb-block-6hfxlbrt wp-block-button\"><div class=\"uagb-button__wrapper\"><a class=\"uagb-buttons-repeater wp-block-button__link\" aria-label=\"\" href=\"#\" rel=\"follow noopener\" target=\"_self\" role=\"button\"><div class=\"uagb-button__link\">Get Started<\/div><\/a><\/div><\/div>\n\n\n\n<div class=\"wp-block-uagb-buttons-child uagb-buttons__outer-wrap uagb-block-rocof7ar wp-block-button\"><div class=\"uagb-button__wrapper\"><a class=\"uagb-buttons-repeater wp-block-button__link\" aria-label=\"\" href=\"#\" rel=\"follow noopener\" target=\"_self\" role=\"button\"><div class=\"uagb-button__link\">Learn More<\/div><\/a><\/div><\/div>\n<\/div><\/div>\n<\/div><\/div>\n","protected":false},"excerpt":{"rendered":"","protected":false},"author":1,"featured_media":0,"parent":0,"menu_order":0,"comment_status":"closed","ping_status":"closed","template":"","meta":{"_uag_custom_page_level_css":"","footnotes":""},"class_list":["post-1683","page","type-page","status-publish","hentry"],"yoast_head":"<!-- This site is optimized with the Yoast SEO plugin v27.5 - https:\/\/yoast.com\/product\/yoast-seo-wordpress\/ -->\n<title>Pagrindinis - UAB Alera<\/title>\n<meta name=\"robots\" content=\"index, follow, max-snippet:-1, max-image-preview:large, max-video-preview:-1\" \/>\n<link rel=\"canonical\" href=\"https:\/\/alera.lt\/\" \/>\n<meta property=\"og:locale\" content=\"lt_LT\" \/>\n<meta property=\"og:type\" content=\"article\" \/>\n<meta property=\"og:title\" content=\"Pagrindinis - UAB Alera\" \/>\n<meta property=\"og:url\" content=\"https:\/\/alera.lt\/\" \/>\n<meta property=\"og:site_name\" content=\"UAB Alera\" \/>\n<meta property=\"article:modified_time\" content=\"2025-05-18T10:10:33+00:00\" \/>\n<meta property=\"og:image\" content=\"https:\/\/websitedemos.net\/wp-content\/uploads\/2023\/10\/natures-01-1024x683.jpg\" \/>\n<meta name=\"twitter:card\" content=\"summary_large_image\" \/>\n<meta name=\"twitter:label1\" content=\"Est. reading time\" \/>\n\t<meta name=\"twitter:data1\" content=\"3 minut\u0117s\" \/>\n<script type=\"application\/ld+json\" class=\"yoast-schema-graph\">{\"@context\":\"https:\\\/\\\/schema.org\",\"@graph\":[{\"@type\":\"WebPage\",\"@id\":\"https:\\\/\\\/alera.lt\\\/\",\"url\":\"https:\\\/\\\/alera.lt\\\/\",\"name\":\"Pagrindinis - UAB Alera\",\"isPartOf\":{\"@id\":\"https:\\\/\\\/alera.lt\\\/#website\"},\"primaryImageOfPage\":{\"@id\":\"https:\\\/\\\/alera.lt\\\/#primaryimage\"},\"image\":{\"@id\":\"https:\\\/\\\/alera.lt\\\/#primaryimage\"},\"thumbnailUrl\":\"https:\\\/\\\/websitedemos.net\\\/wp-content\\\/uploads\\\/2023\\\/10\\\/natures-01-1024x683.jpg\",\"datePublished\":\"2018-11-27T09:16:54+00:00\",\"dateModified\":\"2025-05-18T10:10:33+00:00\",\"breadcrumb\":{\"@id\":\"https:\\\/\\\/alera.lt\\\/#breadcrumb\"},\"inLanguage\":\"lt-LT\",\"potentialAction\":[{\"@type\":\"ReadAction\",\"target\":[\"https:\\\/\\\/alera.lt\\\/\"]}]},{\"@type\":\"ImageObject\",\"inLanguage\":\"lt-LT\",\"@id\":\"https:\\\/\\\/alera.lt\\\/#primaryimage\",\"url\":\"https:\\\/\\\/websitedemos.net\\\/wp-content\\\/uploads\\\/2023\\\/10\\\/natures-01-1024x683.jpg\",\"contentUrl\":\"https:\\\/\\\/websitedemos.net\\\/wp-content\\\/uploads\\\/2023\\\/10\\\/natures-01-1024x683.jpg\"},{\"@type\":\"BreadcrumbList\",\"@id\":\"https:\\\/\\\/alera.lt\\\/#breadcrumb\",\"itemListElement\":[{\"@type\":\"ListItem\",\"position\":1,\"name\":\"Home\",\"item\":\"https:\\\/\\\/alera.lt\\\/\"},{\"@type\":\"ListItem\",\"position\":2,\"name\":\"Pagrindinis\"}]},{\"@type\":\"WebSite\",\"@id\":\"https:\\\/\\\/alera.lt\\\/#website\",\"url\":\"https:\\\/\\\/alera.lt\\\/\",\"name\":\"UAB Alera\",\"description\":\"Geriausi \u0161ildymo, v\u0117dinimo specialistai\",\"publisher\":{\"@id\":\"https:\\\/\\\/alera.lt\\\/#organization\"},\"potentialAction\":[{\"@type\":\"SearchAction\",\"target\":{\"@type\":\"EntryPoint\",\"urlTemplate\":\"https:\\\/\\\/alera.lt\\\/?s={search_term_string}\"},\"query-input\":{\"@type\":\"PropertyValueSpecification\",\"valueRequired\":true,\"valueName\":\"search_term_string\"}}],\"inLanguage\":\"lt-LT\"},{\"@type\":\"Organization\",\"@id\":\"https:\\\/\\\/alera.lt\\\/#organization\",\"name\":\"UAB Alera\",\"url\":\"https:\\\/\\\/alera.lt\\\/\",\"logo\":{\"@type\":\"ImageObject\",\"inLanguage\":\"lt-LT\",\"@id\":\"https:\\\/\\\/alera.lt\\\/#\\\/schema\\\/logo\\\/image\\\/\",\"url\":\"http:\\\/\\\/alera.lt\\\/wp-content\\\/uploads\\\/2020\\\/10\\\/alera12.png\",\"contentUrl\":\"http:\\\/\\\/alera.lt\\\/wp-content\\\/uploads\\\/2020\\\/10\\\/alera12.png\",\"width\":724,\"height\":300,\"caption\":\"UAB Alera\"},\"image\":{\"@id\":\"https:\\\/\\\/alera.lt\\\/#\\\/schema\\\/logo\\\/image\\\/\"}}]}<\/script>\n<!-- \/ Yoast SEO plugin. -->","yoast_head_json":{"title":"Pagrindinis - UAB Alera","robots":{"index":"index","follow":"follow","max-snippet":"max-snippet:-1","max-image-preview":"max-image-preview:large","max-video-preview":"max-video-preview:-1"},"canonical":"https:\/\/alera.lt\/","og_locale":"lt_LT","og_type":"article","og_title":"Pagrindinis - UAB Alera","og_url":"https:\/\/alera.lt\/","og_site_name":"UAB Alera","article_modified_time":"2025-05-18T10:10:33+00:00","og_image":[{"url":"https:\/\/websitedemos.net\/wp-content\/uploads\/2023\/10\/natures-01-1024x683.jpg","type":"","width":"","height":""}],"twitter_card":"summary_large_image","twitter_misc":{"Est. reading time":"3 minut\u0117s"},"schema":{"@context":"https:\/\/schema.org","@graph":[{"@type":"WebPage","@id":"https:\/\/alera.lt\/","url":"https:\/\/alera.lt\/","name":"Pagrindinis - UAB Alera","isPartOf":{"@id":"https:\/\/alera.lt\/#website"},"primaryImageOfPage":{"@id":"https:\/\/alera.lt\/#primaryimage"},"image":{"@id":"https:\/\/alera.lt\/#primaryimage"},"thumbnailUrl":"https:\/\/websitedemos.net\/wp-content\/uploads\/2023\/10\/natures-01-1024x683.jpg","datePublished":"2018-11-27T09:16:54+00:00","dateModified":"2025-05-18T10:10:33+00:00","breadcrumb":{"@id":"https:\/\/alera.lt\/#breadcrumb"},"inLanguage":"lt-LT","potentialAction":[{"@type":"ReadAction","target":["https:\/\/alera.lt\/"]}]},{"@type":"ImageObject","inLanguage":"lt-LT","@id":"https:\/\/alera.lt\/#primaryimage","url":"https:\/\/websitedemos.net\/wp-content\/uploads\/2023\/10\/natures-01-1024x683.jpg","contentUrl":"https:\/\/websitedemos.net\/wp-content\/uploads\/2023\/10\/natures-01-1024x683.jpg"},{"@type":"BreadcrumbList","@id":"https:\/\/alera.lt\/#breadcrumb","itemListElement":[{"@type":"ListItem","position":1,"name":"Home","item":"https:\/\/alera.lt\/"},{"@type":"ListItem","position":2,"name":"Pagrindinis"}]},{"@type":"WebSite","@id":"https:\/\/alera.lt\/#website","url":"https:\/\/alera.lt\/","name":"UAB Alera","description":"Geriausi \u0161ildymo, v\u0117dinimo specialistai","publisher":{"@id":"https:\/\/alera.lt\/#organization"},"potentialAction":[{"@type":"SearchAction","target":{"@type":"EntryPoint","urlTemplate":"https:\/\/alera.lt\/?s={search_term_string}"},"query-input":{"@type":"PropertyValueSpecification","valueRequired":true,"valueName":"search_term_string"}}],"inLanguage":"lt-LT"},{"@type":"Organization","@id":"https:\/\/alera.lt\/#organization","name":"UAB Alera","url":"https:\/\/alera.lt\/","logo":{"@type":"ImageObject","inLanguage":"lt-LT","@id":"https:\/\/alera.lt\/#\/schema\/logo\/image\/","url":"http:\/\/alera.lt\/wp-content\/uploads\/2020\/10\/alera12.png","contentUrl":"http:\/\/alera.lt\/wp-content\/uploads\/2020\/10\/alera12.png","width":724,"height":300,"caption":"UAB Alera"},"image":{"@id":"https:\/\/alera.lt\/#\/schema\/logo\/image\/"}}]}},"uagb_featured_image_src":{"full":false,"thumbnail":false,"medium":false,"medium_large":false,"large":false,"1536x1536":false,"2048x2048":false,"twentyseventeen-featured-image":false,"twentyseventeen-thumbnail-avatar":false},"uagb_author_info":{"display_name":"dainiusjurate","author_link":"https:\/\/alera.lt\/index.php\/author\/dainiusjurate\/"},"uagb_comment_info":0,"uagb_excerpt":null,"_links":{"self":[{"href":"https:\/\/alera.lt\/index.php\/wp-json\/wp\/v2\/pages\/1683","targetHints":{"allow":["GET"]}}],"collection":[{"href":"https:\/\/alera.lt\/index.php\/wp-json\/wp\/v2\/pages"}],"about":[{"href":"https:\/\/alera.lt\/index.php\/wp-json\/wp\/v2\/types\/page"}],"author":[{"embeddable":true,"href":"https:\/\/alera.lt\/index.php\/wp-json\/wp\/v2\/users\/1"}],"replies":[{"embeddable":true,"href":"https:\/\/alera.lt\/index.php\/wp-json\/wp\/v2\/comments?post=1683"}],"version-history":[{"count":41,"href":"https:\/\/alera.lt\/index.php\/wp-json\/wp\/v2\/pages\/1683\/revisions"}],"predecessor-version":[{"id":2020,"href":"https:\/\/alera.lt\/index.php\/wp-json\/wp\/v2\/pages\/1683\/revisions\/2020"}],"wp:attachment":[{"href":"https:\/\/alera.lt\/index.php\/wp-json\/wp\/v2\/media?parent=1683"}],"curies":[{"name":"wp","href":"https:\/\/api.w.org\/{rel}","templated":true}]}}